{"id":579,"date":"2025-06-11T13:32:25","date_gmt":"2025-06-11T13:32:25","guid":{"rendered":"https:\/\/iw35mrbrizg.preview.infomaniak.website\/?page_id=579"},"modified":"2025-06-11T13:37:31","modified_gmt":"2025-06-11T13:37:31","slug":"politique-de-confidentialite","status":"publish","type":"page","link":"https:\/\/alliance-consulting.ch\/fr\/politique-de-confidentialite\/","title":{"rendered":"Politique de confidentialit\u00e9"},"content":{"rendered":"\n<section  class=\"hero-banner hero-banner-small relative text-white overflow-hidden\" >\n\n\t\t\n<div class=\"fixed -z-[2] inset-0 w-full h-screen-dynamic overflow-hidden\">\n\n        \n        <img decoding=\"async\" width=\"2560\" height=\"1438\" src=\"https:\/\/alliance-consulting.ch\/wp-content\/uploads\/2025\/05\/background_fields.jpg\" class=\"w-full h-full object-cover saturate-[0.8] \" alt=\"\" srcset=\"https:\/\/alliance-consulting.ch\/wp-content\/uploads\/2025\/05\/background_fields.jpg 2560w, https:\/\/alliance-consulting.ch\/wp-content\/uploads\/2025\/05\/background_fields-300x169.jpg 300w, https:\/\/alliance-consulting.ch\/wp-content\/uploads\/2025\/05\/background_fields-1024x575.jpg 1024w, https:\/\/alliance-consulting.ch\/wp-content\/uploads\/2025\/05\/background_fields-768x431.jpg 768w, https:\/\/alliance-consulting.ch\/wp-content\/uploads\/2025\/05\/background_fields-1536x863.jpg 1536w, https:\/\/alliance-consulting.ch\/wp-content\/uploads\/2025\/05\/background_fields-2048x1150.jpg 2048w, https:\/\/alliance-consulting.ch\/wp-content\/uploads\/2025\/05\/background_fields-15x8.jpg 15w, https:\/\/alliance-consulting.ch\/wp-content\/uploads\/2025\/05\/background_fields-200x112.jpg 200w\" sizes=\"(max-width: 2560px) 100vw, 2560px\" \/>\n            \n                    <div class=\"mask-logo-blur absolute inset-0 w-[300%] md:w-full h-full backdrop-blur-xs bg-[hsl(238deg_100%_5%_\/_30%)]\" style=\"mask-image: url(https:\/\/alliance-consulting.ch\/wp-content\/themes\/alliance-consulting\/dist\/images\/AC-mask.svg,); mask-repeat: no-repeat; mask-size: cover;\"><\/div>\n    \n        <div class=\"backdrop-filter-on-top fixed left-0 right-0 top-full w-full h-screen-dynamic backdrop-blur-md\"><\/div>\n\n                <div class=\"absolute inset-0 w-full h-full bg-[black] opacity-30\"><\/div>\n                <div class=\"absolute inset-0 w-full h-full bg-[#8BA5FC] opacity-25 mix-blend-color\"><\/div>\n    <\/div>\n\n\n               <!--  <div class=\"absolute -z-[1] left-0 right-0 bottom-0 translate-y-[50%] w-full h-fit mix-blend-color-burn !opacity-100 opacity-[0.28]\">\n        <svg xmlns=\"http:\/\/www.w3.org\/2000\/svg\" viewBox=\"0 0 2560 4453.77\">\n            <path fill='#D4D4D4' d=\"M2560,3513.32h-23.74c-2.24-.07-4.46-.15-6.68-.23-.12,0-.24-.01-.37-.01-1.86-.07-3.72-.15-5.56-.24-.61-.03-1.21-.06-1.82-.09-1.46-.08-2.93-.16-4.38-.26-.61-.04-1.22-.08-1.83-.12-2-.15-4-.31-5.99-.51-.47-.03-.94-.06-1.42-.09-3.68-.21-7.36-.44-11.03-.7-6.47-.44-12.93-.95-19.37-1.51,0,0,0,0,0,0,0,0,0,0,0,0-6.99-.6-13.96-1.28-20.91-2.02,0,0,0,0-.01,0,0,0,0,0,.01,0-2.06-.22-4.11-.44-6.17-.67.03,0,.05,0,.08,0-.03,0-.05,0-.08,0-7.68-.86-15.33-1.8-22.96-2.83-.03,0-.06,0-.1-.01h0s0,0,.01,0c-120.11-16.16-234.51-52.45-340.33-105.72-403.83-202.79-684.76-651.1-684.76-1171.11,0-218.59,49.46-424.31,137.25-604.28,3.51-7.61,7.32-15.22,11.41-22.83,4.1-8.78,8.49-17.26,13.17-25.75,201.11-375.84,571.23-628.86,995.56-633.76V0H0v3486.25L1220.01,939.63l236.15,471.14c-16.1,26.04-31.61,53.26-46.53,80.76-119.39,221.81-182.6,476.4-182.6,735.67,0,379.54,133.15,739.18,374.86,1012.79,93.37,105.74,198.91,194.18,313.49,264.03h.03c30.3,18.45,61.26,35.63,92.83,51.49h0c75.84,38.18,155.4,68.69,236.47,90.71,82.06,22.28,166.7,36.12,251.64,41.16,13.1,1.16,24.73,1.54,34.24,1.85l2.83.09h26.58v-176Z\" \/>\n        <\/svg>\n    <\/div> -->\n\n\t\t\n<header class=\"header-menu menu-closed absolute z-[2] left-0 right-0 top-0 w-full h-header-height-mobile md:h-header-height-desktop flex items-center text-white\">\n    <div class=\"w-full h-38 flex justify-between items-start px-20\">\n\n                <a href=\"https:\/\/alliance-consulting.ch\/fr\/\" title=\"homepage\">\n                                <\/a>\n\n                <div class=\"main-menu-container absolute top-0 right-0 pt-30 md:pt-45 pr-20 pb-45 pl-40 sm:min-w-[20rem] overflow-hidden\">\n                        <div class=\"main-menu-bg absolute -z-[2] right-0 top-0 w-full h-full bg-[rgba(28,25,24,0.30)] backdrop-blur-md border border-white-50\"><\/div>\n\n            <div class=\"flex items-center justify-between gap-20 md:gap-50\">\n                                <div class=\"language-menu\">\n                                            \n<div role=\"navigation\" aria-label=\"S\u00e9lecteur de langue\" class=\"wpml-ls-statics-shortcode_actions wpml-ls wpml-ls-legacy-list-horizontal\">\n\t<ul><li class=\"wpml-ls-slot-shortcode_actions wpml-ls-item wpml-ls-item-en wpml-ls-first-item wpml-ls-item-legacy-list-horizontal\">\n\t\t\t\t<a href=\"https:\/\/alliance-consulting.ch\/\" hreflang=\"en\" lang=\"en\" class=\"wpml-ls-link\" aria-label=\"Passer \u00e0 EN (EN)\" title=\"Passer \u00e0 EN (EN)\">\n\t\t\t\t\t<span class=\"wpml-ls-native\">EN<\/span><\/a>\n\t\t\t<\/li><li class=\"wpml-ls-slot-shortcode_actions wpml-ls-item wpml-ls-item-fr wpml-ls-current-language wpml-ls-last-item wpml-ls-item-legacy-list-horizontal\">\n\t\t\t\t<a href=\"https:\/\/alliance-consulting.ch\/fr\/\" hreflang=\"fr\" lang=\"fr\" class=\"wpml-ls-link\" aria-current=\"page\" aria-label=\"Passer \u00e0 FR (FR)\" title=\"Passer \u00e0 FR (FR)\">\n\t\t\t\t\t<span class=\"wpml-ls-native\">FR<\/span><\/a>\n\t\t\t<\/li><\/ul>\n<\/div>\n                                    <\/div>\n\n                                                        <button class=\"toggle-main-menu flex items-center gap-9\">\n                        <span class=\"text-17 font-semi-bold uppercase\"><\/span>\n                        <span class=\"grid grid-rows-1 grid-cols-1\">\n                            <span class=\"icon-closed grid-1111 w-18\"><svg xmlns=\"http:\/\/www.w3.org\/2000\/svg\" width=\"100%\" height=\"100%\" viewBox=\"0 0 18 18\" fill=\"none\">\n  <path class=\"fill-current\" d=\"M9 0L18 18H0L9 0Z\"\/>\n<\/svg><\/span>\n                            <span class=\"icon-opened grid-1111 w-18\"><svg xmlns=\"http:\/\/www.w3.org\/2000\/svg\" width=\"100%\" height=\"100%\" viewBox=\"0 0 18 18\" fill=\"none\">\n    <rect class=\"fill-current\" width=\"18\" height=\"18\" rx=\"9\" \/>\n<\/svg><\/span>\n                        <\/span>\n                    <\/button>\n                            <\/div>\n\n                                        <nav class=\"main-menu mt-18\">\n                    <ul id=\"menu-main-menu\" class=\"menu\"><li id=\"menu-item-142\" class=\"menu-item menu-item-type-post_type menu-item-object-page menu-item-142\"><a href=\"https:\/\/alliance-consulting.ch\/fr\/a-propos\/\">\u00c0 propos<\/a><\/li><li id=\"menu-item-372\" class=\"menu-item menu-item-type-post_type menu-item-object-page menu-item-372\"><a href=\"https:\/\/alliance-consulting.ch\/fr\/organisation\/\">Votre organisation<\/a><\/li><li id=\"menu-item-375\" class=\"menu-item menu-item-type-post_type menu-item-object-page menu-item-375\"><a href=\"https:\/\/alliance-consulting.ch\/fr\/carriere\/\">Votre carri\u00e8re<\/a><\/li><li id=\"menu-item-374\" class=\"menu-item menu-item-type-post_type menu-item-object-page menu-item-374\"><a href=\"https:\/\/alliance-consulting.ch\/fr\/industries\/\">Industries<\/a><\/li><li id=\"menu-item-411\" class=\"menu-item menu-item-type-post_type menu-item-object-page menu-item-411\"><a href=\"https:\/\/alliance-consulting.ch\/fr\/actualites\/\">Actualit\u00e9s<\/a><\/li><li id=\"menu-item-373\" class=\"menu-item menu-item-type-post_type menu-item-object-page menu-item-373\"><a href=\"https:\/\/alliance-consulting.ch\/fr\/contact\/\">Contact<\/a><\/li><\/ul>                <\/nav>\n                    <\/div>\n\n    <\/div>\n<\/header>\n\n<div class=\"header-menu menu-closed fixed z-[9] left-0 right-0 top-0 w-full h-header-simple-height-mobile md:h-header-simple-height-desktop bg-white -translate-y-full transition-all duration-medium\" style=\"box-shadow: 0px 4px 15px 0px rgba(0, 0, 0, 0.10);\">\n    <div class=\"w-full h-full flex justify-between items-center px-20\">\n\n                <a href=\"https:\/\/alliance-consulting.ch\/fr\/\" title=\"homepage\" class=\"text-black\">\n                    <\/a>\n\n                <div class=\"main-menu-container absolute top-0 right-0 pt-10 pr-20 pb-45 pl-40 overflow-hidden text-15 md:text-17 sm:min-w-[20rem]\">\n                        <div class=\"main-menu-bg absolute -z-[2] right-0 top-0 w-full h-full bg-[rgba(28,25,24,0.30)] backdrop-blur-md border border-white-50\"><\/div>\n\n            <div class=\"flex items-center justify-between gap-20 md:gap-50\">\n                                <div class=\"language-menu\">\n                                            \n<div role=\"navigation\" aria-label=\"S\u00e9lecteur de langue\" class=\"wpml-ls-statics-shortcode_actions wpml-ls wpml-ls-legacy-list-horizontal\">\n\t<ul><li class=\"wpml-ls-slot-shortcode_actions wpml-ls-item wpml-ls-item-en wpml-ls-first-item wpml-ls-item-legacy-list-horizontal\">\n\t\t\t\t<a href=\"https:\/\/alliance-consulting.ch\/\" hreflang=\"en\" lang=\"en\" class=\"wpml-ls-link\" aria-label=\"Passer \u00e0 EN (EN)\" title=\"Passer \u00e0 EN (EN)\">\n\t\t\t\t\t<span class=\"wpml-ls-native\">EN<\/span><\/a>\n\t\t\t<\/li><li class=\"wpml-ls-slot-shortcode_actions wpml-ls-item wpml-ls-item-fr wpml-ls-current-language wpml-ls-last-item wpml-ls-item-legacy-list-horizontal\">\n\t\t\t\t<a href=\"https:\/\/alliance-consulting.ch\/fr\/\" hreflang=\"fr\" lang=\"fr\" class=\"wpml-ls-link\" aria-current=\"page\" aria-label=\"Passer \u00e0 FR (FR)\" title=\"Passer \u00e0 FR (FR)\">\n\t\t\t\t\t<span class=\"wpml-ls-native\">FR<\/span><\/a>\n\t\t\t<\/li><\/ul>\n<\/div>\n                                    <\/div>\n\n                                                        <button class=\"toggle-main-menu flex items-center gap-9 max-md:mt-2\">\n                        <span class=\"font-semi-bold uppercase\"><\/span>\n                        <span class=\"grid grid-rows-1 grid-cols-1\">\n                            <span class=\"icon-closed grid-1111 w-16 md:w-18 max-md:translate-y-[-1px]\"><svg xmlns=\"http:\/\/www.w3.org\/2000\/svg\" width=\"100%\" height=\"100%\" viewBox=\"0 0 18 18\" fill=\"none\">\n  <path class=\"fill-current\" d=\"M9 0L18 18H0L9 0Z\"\/>\n<\/svg><\/span>\n                            <span class=\"icon-opened grid-1111 w-16 md:w-18\"><svg xmlns=\"http:\/\/www.w3.org\/2000\/svg\" width=\"100%\" height=\"100%\" viewBox=\"0 0 18 18\" fill=\"none\">\n    <rect class=\"fill-current\" width=\"18\" height=\"18\" rx=\"9\" \/>\n<\/svg><\/span>\n                        <\/span>\n                    <\/button>\n                            <\/div>\n\n                                        <nav class=\"main-menu mt-18 text-white\">\n                    <ul id=\"menu-main-menu-1\" class=\"menu\"><li class=\"menu-item menu-item-type-post_type menu-item-object-page menu-item-142\"><a href=\"https:\/\/alliance-consulting.ch\/fr\/a-propos\/\">\u00c0 propos<\/a><\/li><li class=\"menu-item menu-item-type-post_type menu-item-object-page menu-item-372\"><a href=\"https:\/\/alliance-consulting.ch\/fr\/organisation\/\">Votre organisation<\/a><\/li><li class=\"menu-item menu-item-type-post_type menu-item-object-page menu-item-375\"><a href=\"https:\/\/alliance-consulting.ch\/fr\/carriere\/\">Votre carri\u00e8re<\/a><\/li><li class=\"menu-item menu-item-type-post_type menu-item-object-page menu-item-374\"><a href=\"https:\/\/alliance-consulting.ch\/fr\/industries\/\">Industries<\/a><\/li><li class=\"menu-item menu-item-type-post_type menu-item-object-page menu-item-411\"><a href=\"https:\/\/alliance-consulting.ch\/fr\/actualites\/\">Actualit\u00e9s<\/a><\/li><li class=\"menu-item menu-item-type-post_type menu-item-object-page menu-item-373\"><a href=\"https:\/\/alliance-consulting.ch\/fr\/contact\/\">Contact<\/a><\/li><\/ul>                <\/nav>\n                    <\/div>\n    <\/div>\n<\/div>\n\t<div class=\"sizing-medium max-md:min-h-[55vh] lg:h-550 flex max-lg:flex-col justify-between lg:items-center gap-gutter-mobile pt-header-height-mobile pb-gutter-mobile md:pt-header-height-desktop sm:pb-gutter-desktop lg:pb-0 lg:pt-header-height-mobile\">\n\n\t\t\t\t<div class=\"max-w-[28.25rem] font-light\" data-sal=\"default\">\n\t\t\t<h1 class=\"block text-42 sm:text-56 leading-120\"><div class='wysiwyg'><p>Politique de <strong>Confidentialit\u00e9<\/strong><\/p>\n<\/div><\/h1>\n\t\t\t<div class=\"text-20 sm:text-24 leading-120 mt-12\"><\/div>\n\t\t<\/div>\n\n\t\t\t\t<div class=\"flex lg:justify-end gap-22\" data-sal=\"default\" data-sal-delay=\"400\">\n\t\t\t\t\t<\/div>\n\n\t<\/div>\n\t\n\n<\/section>\n\n\n<section  class=\"section-introduction relative bg-white text-black rounded-t-lg overflow-hidden\">\n\n\t\t\n\t<div class=\"relative sizing-medium py-42 sm:pt-100 sm:pb-150\">\n\n\t\t\t\t<div data-sal=\"default\" data-sal-delay=\"200\">\n\t\t\t\t\t\t\t<div class=\"w-38 mb-26\">\n\t\t\t\t\t\n<svg xmlns=\"http:\/\/www.w3.org\/2000\/svg\" width=\"100%\" height=\"100%\" viewBox=\"0 0 12 13\" fill=\"none\">\n  <path class=\"fill-current\" d=\"M9.01416 12.5042H0L5.72146 0.651855L6.81788 2.82211C6.74301 2.94186 6.6711 3.06748 6.60165 3.19408C6.04753 4.21615 5.75397 5.38877 5.75397 6.5829C5.75397 8.33132 6.37212 9.98785 7.49415 11.2485C7.94533 11.7553 8.45709 12.1757 9.01416 12.5037V12.5042Z\"\/>\n  <path class=\"fill-current\" d=\"M12.0001 0.656372V12.5087H11.8316C11.7898 12.5072 11.7489 12.5058 11.708 12.5018C11.011 12.4627 10.3495 12.2794 9.74765 11.9788C7.873 11.0447 6.56873 8.97958 6.56873 6.584C6.56873 5.57708 6.79826 4.6293 7.2056 3.80031C7.22185 3.76511 7.23958 3.73041 7.25879 3.69521C7.278 3.65464 7.29819 3.61554 7.31986 3.57644C8.26261 1.82801 10.0052 0.656372 11.9996 0.656372H12.0001Z\"\/>\n<\/svg>\t\t\t\t<\/div>\n\t\t\t\t\t<\/div>\n\n\t\t<div class=\"flex max-lg:flex-col gap-42 lg:gap-60 xlg:gap-140\">\n\n\t\t\t\t\t\t<div class=\"flex flex-col gap-42\" data-sal=\"default\" data-sal-delay=\"400\">\n\t\t\t\t\t\t\t\t\t\n<div class=\"text-15 font-light\">\n    <div class='wysiwyg'><h2><strong>Introduction<\/strong><\/h2>\n<p>La confidentialit\u00e9 des visiteurs de notre site web est tr\u00e8s importante pour nous, et nous nous engageons \u00e0 la prot\u00e9ger. Nous traitons vos donn\u00e9es personnelles conform\u00e9ment aux dispositions l\u00e9gales en mati\u00e8re de protection des donn\u00e9es et \u00e0 la pr\u00e9sente d\u00e9claration de protection des donn\u00e9es.<\/p>\n<h2><strong>Collecte d&rsquo;informations personnelles<\/strong><\/h2>\n<p>Nous collectons des informations personnelles telles que nom, adresse e-mail, num\u00e9ro de t\u00e9l\u00e9phone, adresse postale, etc., uniquement lorsque vous nous les fournissez volontairement au travers de formulaires. Nous pourrions utiliser ces informations pour vous contacter afin de r\u00e9pondre \u00e0 vos demandes ou pour vous envoyer des informations importantes.<\/p>\n<h2><strong>Partage d&rsquo;informations personnelles<\/strong><\/h2>\n<p>Nous ne partageons pas les informations personnelles des visiteurs de notre site web avec des tiers, sauf si nous y sommes contraints par la loi.<\/p>\n<h2><strong>Consentement<\/strong><\/h2>\n<p>En utilisant notre site web, vous consentez \u00e0 notre collecte et utilisation de vos informations personnelles conform\u00e9ment \u00e0 cette politique de confidentialit\u00e9. Si vous ne consentez pas \u00e0 cette collecte et utilisation, veuillez ne pas utiliser notre site web.<\/p>\n<h2><strong>S\u00e9curit\u00e9<\/strong><\/h2>\n<p>Nous prenons des mesures de s\u00e9curit\u00e9 appropri\u00e9es pour prot\u00e9ger les informations personnelles des visiteurs de notre site web contre la perte, l&rsquo;utilisation abusive ou la modification non autoris\u00e9e. Cependant, aucune m\u00e9thode de transmission ou de stockage n\u2019est compl\u00e8tement s\u00e9curis\u00e9e. Bien que nous nous efforcions de prot\u00e9ger vos informations personnelles, nous ne pouvons pas garantir leur s\u00e9curit\u00e9 absolue.<\/p>\n<h2><strong>Liens vers d&rsquo;autres sites web<\/strong><\/h2>\n<p>Notre site web peut contenir des liens vers d&rsquo;autres sites web. Nous ne sommes pas responsables des pratiques de confidentialit\u00e9 ou du contenu de ces sites web. Nous vous recommandons de lire la politique de confidentialit\u00e9 de tout site web que vous visitez.<\/p>\n<h2><strong>Droit d&rsquo;opposition, de retrait et d\u2019acc\u00e8s<\/strong><\/h2>\n<p>En vertu des lois applicables en mati\u00e8re de protection des donn\u00e9es, vous avez certains droits en ce qui concerne les informations personnelles que nous d\u00e9tenons \u00e0 votre sujet. Si vous souhaitez exercer l&rsquo;un de ces droits, veuillez nous contacter \u00e0 l&rsquo;adresse e-mail sp\u00e9cifi\u00e9e en bas de page<\/p>\n<p>Le droit d&rsquo;opposition s&rsquo;entend comme \u00e9tant la possibilit\u00e9 offerte aux utilisateurs de refuser que leurs renseignements personnels soient utilis\u00e9es \u00e0 certaines fins mentionn\u00e9es lors de la collecte.<\/p>\n<p>Le droit de retrait s&rsquo;entend comme \u00e9tant la possibilit\u00e9 offerte aux utilisateurs de demander \u00e0 ce que leurs renseignements personnels ne figurent plus, par exemple, dans une liste de diffusion.<\/p>\n<p>Le droit d\u2019acc\u00e8s s\u2019entend comment \u00e9tant la possibilit\u00e9 offerte aux utilisateurs de demander une copie des informations personnelles que nous d\u00e9tenons \u00e0 leurs sujet.<\/p>\n<h2><strong>Modifications de la politique de confidentialit\u00e9<\/strong><\/h2>\n<p>Nous nous r\u00e9servons le droit de modifier cette politique de confidentialit\u00e9 \u00e0 tout moment. Les modifications entreront en vigueur d\u00e8s leur publication sur notre site web.<\/p>\n<h2><strong>Contact<\/strong><\/h2>\n<p>Si vous avez des questions concernant notre politique de confidentialit\u00e9, n&rsquo;h\u00e9sitez pas \u00e0 nous contacter \u00e0 l&rsquo;adresse e-mail suivante : contact[at]alliance-consulting.ch<\/p>\n<\/div><\/div>\t\t\t\t\t\t\t\t\t\n<div>\n    \n    <a href=\"https:\/\/alliance-consulting.ch\/fr\/\" target=\"_self\" title=\"Retour \u00e0 la page d'accueil\"  class=\"color-primary group\/button w-fit flex items-center justify-center px-10 py-8 text-15 rounded-md select-none transition-colors duration-short bg-primary-dark text-white hover:bg-primary  \"  >\n\n                <span class=\"label\">Retour \u00e0 la page d&rsquo;accueil<\/span>\n        \n                            <span class=\"icon transition-transform duration-medium w-14 h-14 ml-20 flex justify-center items-center\">\n                \n<svg xmlns=\"http:\/\/www.w3.org\/2000\/svg\" width=\"100%\" height=\"100%\" viewBox=\"0 0 12 11\" fill=\"none\">\n    <path class=\"fill-current\" d=\"M6.05713 10.1978L5.09766 9.25293L8.42285 5.91309H0.0585938V4.53613H8.42285L5.09766 1.21094L6.05713 0.251465L11.0156 5.22461L6.05713 10.1978Z\" \/>\n<\/svg>            <\/span>\n        \n    <\/a>\n<\/div>\t\t\t\t\t\t\t<\/div>\n\n\t\t\t\t\t\t<div class=\"shrink-0 flex flex-col gap-42 max-w-[27.75rem] \" data-sal=\"default\" data-sal-delay=\"800\">\n\t\t\t\t\t\t\t<\/div>\n\t\t<\/div>\n\n\n\t<\/div>\n<\/section>","protected":false},"excerpt":{"rendered":"","protected":false},"author":2,"featured_media":0,"parent":0,"menu_order":0,"comment_status":"closed","ping_status":"closed","template":"","meta":{"_acf_changed":false,"footnotes":""},"class_list":["post-579","page","type-page","status-publish","hentry"],"acf":[],"yoast_head":"<!-- This site is optimized with the Yoast SEO plugin v27.3 - https:\/\/yoast.com\/product\/yoast-seo-wordpress\/ -->\n<title>Politique de confidentialit\u00e9 - Alliance Consulting<\/title>\n<meta name=\"robots\" content=\"index, follow, max-snippet:-1, max-image-preview:large, max-video-preview:-1\" \/>\n<link rel=\"canonical\" href=\"https:\/\/alliance-consulting.ch\/fr\/politique-de-confidentialite\/\" \/>\n<meta property=\"og:locale\" content=\"fr_FR\" \/>\n<meta property=\"og:type\" content=\"article\" \/>\n<meta property=\"og:title\" content=\"Politique de confidentialit\u00e9 - Alliance Consulting\" \/>\n<meta property=\"og:url\" content=\"https:\/\/alliance-consulting.ch\/fr\/politique-de-confidentialite\/\" \/>\n<meta property=\"og:site_name\" content=\"Alliance Consulting\" \/>\n<meta property=\"article:modified_time\" content=\"2025-06-11T13:37:31+00:00\" \/>\n<meta property=\"og:image\" content=\"https:\/\/alliance-consulting.ch\/wp-content\/uploads\/2025\/06\/Alliance_Consulting-opengraph.jpg\" \/>\n\t<meta property=\"og:image:width\" content=\"1200\" \/>\n\t<meta property=\"og:image:height\" content=\"630\" \/>\n\t<meta property=\"og:image:type\" content=\"image\/jpeg\" \/>\n<meta name=\"twitter:card\" content=\"summary_large_image\" \/>\n<script type=\"application\/ld+json\" class=\"yoast-schema-graph\">{\"@context\":\"https:\\\/\\\/schema.org\",\"@graph\":[{\"@type\":\"WebPage\",\"@id\":\"https:\\\/\\\/alliance-consulting.ch\\\/fr\\\/politique-de-confidentialite\\\/\",\"url\":\"https:\\\/\\\/alliance-consulting.ch\\\/fr\\\/politique-de-confidentialite\\\/\",\"name\":\"Politique de confidentialit\u00e9 - Alliance Consulting\",\"isPartOf\":{\"@id\":\"https:\\\/\\\/alliance-consulting.ch\\\/fr\\\/#website\"},\"datePublished\":\"2025-06-11T13:32:25+00:00\",\"dateModified\":\"2025-06-11T13:37:31+00:00\",\"breadcrumb\":{\"@id\":\"https:\\\/\\\/alliance-consulting.ch\\\/fr\\\/politique-de-confidentialite\\\/#breadcrumb\"},\"inLanguage\":\"fr-FR\",\"potentialAction\":[{\"@type\":\"ReadAction\",\"target\":[\"https:\\\/\\\/alliance-consulting.ch\\\/fr\\\/politique-de-confidentialite\\\/\"]}]},{\"@type\":\"BreadcrumbList\",\"@id\":\"https:\\\/\\\/alliance-consulting.ch\\\/fr\\\/politique-de-confidentialite\\\/#breadcrumb\",\"itemListElement\":[{\"@type\":\"ListItem\",\"position\":1,\"name\":\"Accueil\",\"item\":\"https:\\\/\\\/alliance-consulting.ch\\\/fr\\\/\"},{\"@type\":\"ListItem\",\"position\":2,\"name\":\"Politique de confidentialit\u00e9\"}]},{\"@type\":\"WebSite\",\"@id\":\"https:\\\/\\\/alliance-consulting.ch\\\/fr\\\/#website\",\"url\":\"https:\\\/\\\/alliance-consulting.ch\\\/fr\\\/\",\"name\":\"Alliance Consulting\",\"description\":\"Executive Search &amp; Strategic Networking\",\"publisher\":{\"@id\":\"https:\\\/\\\/alliance-consulting.ch\\\/fr\\\/#organization\"},\"potentialAction\":[{\"@type\":\"SearchAction\",\"target\":{\"@type\":\"EntryPoint\",\"urlTemplate\":\"https:\\\/\\\/alliance-consulting.ch\\\/fr\\\/?s={search_term_string}\"},\"query-input\":{\"@type\":\"PropertyValueSpecification\",\"valueRequired\":true,\"valueName\":\"search_term_string\"}}],\"inLanguage\":\"fr-FR\"},{\"@type\":\"Organization\",\"@id\":\"https:\\\/\\\/alliance-consulting.ch\\\/fr\\\/#organization\",\"name\":\"Alliance Consulting\",\"url\":\"https:\\\/\\\/alliance-consulting.ch\\\/fr\\\/\",\"logo\":{\"@type\":\"ImageObject\",\"inLanguage\":\"fr-FR\",\"@id\":\"https:\\\/\\\/alliance-consulting.ch\\\/fr\\\/#\\\/schema\\\/logo\\\/image\\\/\",\"url\":\"https:\\\/\\\/alliance-consulting.ch\\\/wp-content\\\/uploads\\\/2025\\\/06\\\/Alliance_Consulting-opengraph.jpg\",\"contentUrl\":\"https:\\\/\\\/alliance-consulting.ch\\\/wp-content\\\/uploads\\\/2025\\\/06\\\/Alliance_Consulting-opengraph.jpg\",\"width\":1200,\"height\":630,\"caption\":\"Alliance Consulting\"},\"image\":{\"@id\":\"https:\\\/\\\/alliance-consulting.ch\\\/fr\\\/#\\\/schema\\\/logo\\\/image\\\/\"}}]}<\/script>\n<!-- \/ Yoast SEO plugin. -->","yoast_head_json":{"title":"Politique de confidentialit\u00e9 - Alliance Consulting","robots":{"index":"index","follow":"follow","max-snippet":"max-snippet:-1","max-image-preview":"max-image-preview:large","max-video-preview":"max-video-preview:-1"},"canonical":"https:\/\/alliance-consulting.ch\/fr\/politique-de-confidentialite\/","og_locale":"fr_FR","og_type":"article","og_title":"Politique de confidentialit\u00e9 - Alliance Consulting","og_url":"https:\/\/alliance-consulting.ch\/fr\/politique-de-confidentialite\/","og_site_name":"Alliance Consulting","article_modified_time":"2025-06-11T13:37:31+00:00","og_image":[{"width":1200,"height":630,"url":"https:\/\/alliance-consulting.ch\/wp-content\/uploads\/2025\/06\/Alliance_Consulting-opengraph.jpg","type":"image\/jpeg"}],"twitter_card":"summary_large_image","schema":{"@context":"https:\/\/schema.org","@graph":[{"@type":"WebPage","@id":"https:\/\/alliance-consulting.ch\/fr\/politique-de-confidentialite\/","url":"https:\/\/alliance-consulting.ch\/fr\/politique-de-confidentialite\/","name":"Politique de confidentialit\u00e9 - Alliance Consulting","isPartOf":{"@id":"https:\/\/alliance-consulting.ch\/fr\/#website"},"datePublished":"2025-06-11T13:32:25+00:00","dateModified":"2025-06-11T13:37:31+00:00","breadcrumb":{"@id":"https:\/\/alliance-consulting.ch\/fr\/politique-de-confidentialite\/#breadcrumb"},"inLanguage":"fr-FR","potentialAction":[{"@type":"ReadAction","target":["https:\/\/alliance-consulting.ch\/fr\/politique-de-confidentialite\/"]}]},{"@type":"BreadcrumbList","@id":"https:\/\/alliance-consulting.ch\/fr\/politique-de-confidentialite\/#breadcrumb","itemListElement":[{"@type":"ListItem","position":1,"name":"Accueil","item":"https:\/\/alliance-consulting.ch\/fr\/"},{"@type":"ListItem","position":2,"name":"Politique de confidentialit\u00e9"}]},{"@type":"WebSite","@id":"https:\/\/alliance-consulting.ch\/fr\/#website","url":"https:\/\/alliance-consulting.ch\/fr\/","name":"Alliance Consulting","description":"Executive Search &amp; Strategic Networking","publisher":{"@id":"https:\/\/alliance-consulting.ch\/fr\/#organization"},"potentialAction":[{"@type":"SearchAction","target":{"@type":"EntryPoint","urlTemplate":"https:\/\/alliance-consulting.ch\/fr\/?s={search_term_string}"},"query-input":{"@type":"PropertyValueSpecification","valueRequired":true,"valueName":"search_term_string"}}],"inLanguage":"fr-FR"},{"@type":"Organization","@id":"https:\/\/alliance-consulting.ch\/fr\/#organization","name":"Alliance Consulting","url":"https:\/\/alliance-consulting.ch\/fr\/","logo":{"@type":"ImageObject","inLanguage":"fr-FR","@id":"https:\/\/alliance-consulting.ch\/fr\/#\/schema\/logo\/image\/","url":"https:\/\/alliance-consulting.ch\/wp-content\/uploads\/2025\/06\/Alliance_Consulting-opengraph.jpg","contentUrl":"https:\/\/alliance-consulting.ch\/wp-content\/uploads\/2025\/06\/Alliance_Consulting-opengraph.jpg","width":1200,"height":630,"caption":"Alliance Consulting"},"image":{"@id":"https:\/\/alliance-consulting.ch\/fr\/#\/schema\/logo\/image\/"}}]}},"_links":{"self":[{"href":"https:\/\/alliance-consulting.ch\/fr\/wp-json\/wp\/v2\/pages\/579","targetHints":{"allow":["GET"]}}],"collection":[{"href":"https:\/\/alliance-consulting.ch\/fr\/wp-json\/wp\/v2\/pages"}],"about":[{"href":"https:\/\/alliance-consulting.ch\/fr\/wp-json\/wp\/v2\/types\/page"}],"author":[{"embeddable":true,"href":"https:\/\/alliance-consulting.ch\/fr\/wp-json\/wp\/v2\/users\/2"}],"replies":[{"embeddable":true,"href":"https:\/\/alliance-consulting.ch\/fr\/wp-json\/wp\/v2\/comments?post=579"}],"version-history":[{"count":0,"href":"https:\/\/alliance-consulting.ch\/fr\/wp-json\/wp\/v2\/pages\/579\/revisions"}],"wp:attachment":[{"href":"https:\/\/alliance-consulting.ch\/fr\/wp-json\/wp\/v2\/media?parent=579"}],"curies":[{"name":"wp","href":"https:\/\/api.w.org\/{rel}","templated":true}]}}